{"id":2764,"date":"2020-08-26T03:34:39","date_gmt":"2020-08-26T03:34:39","guid":{"rendered":"http:\/\/july.commonsupport.com\/electman\/?page_id=519"},"modified":"2022-05-06T13:36:26","modified_gmt":"2022-05-06T13:36:26","slug":"our-services","status":"publish","type":"page","link":"https:\/\/rappower.ae\/fr\/our-services\/","title":{"rendered":"Nos services"},"content":{"rendered":"<div data-elementor-type=\"wp-page\" data-elementor-id=\"2764\" class=\"elementor elementor-2764\">\n\t\t\t\t\t\t\t\t\t<section class=\"elementor-section elementor-top-section elementor-element elementor-element-e68ab13 elementor-section-stretched elementor-section-full_width elementor-section-height-default elementor-section-height-default\" data-id=\"e68ab13\" data-element_type=\"section\" data-settings=\"{&quot;stretch_section&quot;:&quot;section-stretched&quot;}\">\n\t\t\t\t\t\t<div class=\"elementor-container elementor-column-gap-no\">\n\t\t\t\t\t<div class=\"elementor-column elementor-col-100 elementor-top-column elementor-element elementor-element-5e776c8\" data-id=\"5e776c8\" data-element_type=\"column\">\n\t\t\t<div class=\"elementor-widget-wrap elementor-element-populated\">\n\t\t\t\t\t\t\t\t<div class=\"elementor-element elementor-element-48261fe elementor-widget elementor-widget-electman_service_details4\" data-id=\"48261fe\" data-element_type=\"widget\" data-widget_type=\"electman_service_details4.default\">\n\t\t\t\t<div class=\"elementor-widget-container\">\n\t\t\t\t\t\n\t\t<section class=\"services-section-one\">\n\t\t\t<div class=\"auto-container\">\n\t\t\t\t<div class=\"services\">\n\t\t\t\t\t<div class=\"service-block\">\n\t\t\t\t\t\t<div class=\"row clearfix\">\n\t\t\t\t\t\t\t<!--Image Column-->\n\t\t\t\t\t\t\t<div class=\"image-column col-lg-5 col-md-6 col-sm-12\">\n\t\t\t\t\t\t\t\t<div class=\"inner wow fadeInLeft\" data-wow-delay=\"0ms\"  data-wow-duration=\"2000ms\">\n\t\t\t\t\t\t\t\t\t\t\t\t\t\t\t\t\t\t<div class=\"image\"><img decoding=\"async\" src=\"https:\/\/rappower.ae\/wp-content\/uploads\/2022\/04\/pandasecurity-panda-tech-support-1.jpg\" alt=\"\"><\/div>\n\t\t\t\t\t\t\t\t\t\t\t\t\t\t\t\t\t\t\t\t\t\t\t\t\t\t\t<div class=\"icon-box\"><img decoding=\"async\" src=\"https:\/\/rappower.ae\/wp-content\/uploads\/2020\/12\/gallery-icon-1.png\" alt=\"\"><\/div>\n\t\t\t\t\t\t\t\t\t\t\t\t\t\t\t\t\t<\/div>\n\t\t\t\t\t\t\t<\/div>\n\t\t\t\t\t\t\t<div class=\"text-column col-lg-7 col-md-6 col-sm-12\">\n\t\t\t\t\t\t\t\t<div class=\"inner clearfix\">\n\t\t\t\t\t\t\t\t\t<div class=\"content wow fadeInRight\" data-wow-delay=\"0ms\"  data-wow-duration=\"2000ms\">\n\t\t\t\t\t\t\t\t\t\t\t\t\t\t\t\t\t\t\t\t<div class=\"title\">\n\t\t\t\t\t\t\t\t\t\t\t<h2><span>Support technico-commercial lors des appels d&#039;offres\/offres<\/span><\/h2>\n\t\t\t\t\t\t\t\t\t\t\t<div class=\"sub-text\"><\/div>\n\t\t\t\t\t\t\t\t\t\t<\/div>\n\t\t\t\t\t\t\t\t\t\t\t\t\t\t\t\t\t\t\t\t<div class=\"text\">\u00c9tant donn\u00e9 que RAP Power est un guichet unique pour tous les articles offshore dans le domaine de la transmission et de la distribution, nous apportons un soutien technique aux soumissionnaires d\u00e9sireux de participer aux appels d&#039;offres lanc\u00e9s par les services publics d&#039;\u00e9lectricit\u00e9 ou les projets assist\u00e9s par les donateurs. Pour que nos clients remportent les contrats, nous fournissons une offre hautement comp\u00e9titive avec les documents justificatifs n\u00e9cessaires tels que l&#039;autorisation du fabricant et les offres commerciales au nom de nos \u00e9quipementiers associ\u00e9s. <\/div>\n\t\t\t\t\t\t\t\t\t\t\t\t\t\t\t\t\t\t\t<\/div>\n\t\t\t\t\t\t\t\t<\/div>\n\t\t\t\t\t\t\t<\/div>\n\t\t\t\t\t\t<\/div>\n\t\t\t\t\t<\/div>\n\t\t\t\t<\/div>\n\t\t\t<\/div>\n\t\t<\/section>\n            \n\t\t\t\t<\/div>\n\t\t\t\t<\/div>\n\t\t\t\t\t<\/div>\n\t\t<\/div>\n\t\t\t\t\t\t\t<\/div>\n\t\t<\/section>\n\t\t\t\t<section class=\"elementor-section elementor-top-section elementor-element elementor-element-9fe6ed4 elementor-section-stretched elementor-section-full_width elementor-section-height-default elementor-section-height-default\" data-id=\"9fe6ed4\" data-element_type=\"section\" data-settings=\"{&quot;stretch_section&quot;:&quot;section-stretched&quot;}\">\n\t\t\t\t\t\t<div class=\"elementor-container elementor-column-gap-no\">\n\t\t\t\t\t<div class=\"elementor-column elementor-col-100 elementor-top-column elementor-element elementor-element-6bd8f10\" data-id=\"6bd8f10\" data-element_type=\"column\">\n\t\t\t<div class=\"elementor-widget-wrap elementor-element-populated\">\n\t\t\t\t\t\t\t\t<div class=\"elementor-element elementor-element-1cc76dd elementor-widget elementor-widget-electman_service_details4\" data-id=\"1cc76dd\" data-element_type=\"widget\" data-widget_type=\"electman_service_details4.default\">\n\t\t\t\t<div class=\"elementor-widget-container\">\n\t\t\t\t\t\n\t\t<section class=\"two services-section-one\">\n\t\t\t<div class=\"auto-container\">\n\t\t\t\t<div class=\"services\">\n\t\t\t\t\t<div class=\"service-block\">\n\t\t\t\t\t\t<div class=\"row clearfix\">\n\t\t\t\t\t\t\t<!--Image Column-->\n\t\t\t\t\t\t\t<div class=\"image-column col-lg-5 col-md-6 col-sm-12\">\n\t\t\t\t\t\t\t\t<div class=\"inner wow fadeInLeft\" data-wow-delay=\"0ms\"  data-wow-duration=\"2000ms\">\n\t\t\t\t\t\t\t\t\t\t\t\t\t\t\t\t\t\t<div class=\"image\"><img decoding=\"async\" src=\"https:\/\/rappower.ae\/wp-content\/uploads\/2022\/04\/Kinyerezi-3d-view-1290x790-1-1.jpg\" alt=\"\"><\/div>\n\t\t\t\t\t\t\t\t\t\t\t\t\t\t\t\t\t\t\t\t\t\t\t\t\t\t\t<div class=\"icon-box\"><img decoding=\"async\" src=\"https:\/\/rappower.ae\/wp-content\/uploads\/2020\/12\/gallery-icon-1.png\" alt=\"\"><\/div>\n\t\t\t\t\t\t\t\t\t\t\t\t\t\t\t\t\t<\/div>\n\t\t\t\t\t\t\t<\/div>\n\t\t\t\t\t\t\t<div class=\"text-column col-lg-7 col-md-6 col-sm-12\">\n\t\t\t\t\t\t\t\t<div class=\"inner clearfix\">\n\t\t\t\t\t\t\t\t\t<div class=\"content wow fadeInRight\" data-wow-delay=\"0ms\"  data-wow-duration=\"2000ms\">\n\t\t\t\t\t\t\t\t\t\t\t\t\t\t\t\t\t\t\t\t<div class=\"title\">\n\t\t\t\t\t\t\t\t\t\t\t<h2><span>Conception technique <\/span><\/h2>\n\t\t\t\t\t\t\t\t\t\t\t<div class=\"sub-text\"><\/div>\n\t\t\t\t\t\t\t\t\t\t<\/div>\n\t\t\t\t\t\t\t\t\t\t\t\t\t\t\t\t\t\t\t\t<div class=\"text\">Nous proposons des services de conception, d&#039;ing\u00e9nierie et de conseil en fournissant des services d&#039;ing\u00e9nierie de pr\u00e9-soumission, d&#039;ing\u00e9nierie de base et d&#039;ing\u00e9nierie de d\u00e9tail pour les syst\u00e8mes \u00e9lectriques et civils, structurels et d&#039;automatisation associ\u00e9s pour les projets AIS et SIG et les lignes de transmission.<\/div>\n\t\t\t\t\t\t\t\t\t\t\t\t\t\t\t\t\t\t\t<\/div>\n\t\t\t\t\t\t\t\t<\/div>\n\t\t\t\t\t\t\t<\/div>\n\t\t\t\t\t\t<\/div>\n\t\t\t\t\t<\/div>\n\t\t\t\t<\/div>\n\t\t\t<\/div>\n\t\t<\/section>\n            \n\t\t\t\t<\/div>\n\t\t\t\t<\/div>\n\t\t\t\t\t<\/div>\n\t\t<\/div>\n\t\t\t\t\t\t\t<\/div>\n\t\t<\/section>\n\t\t\t\t<section class=\"elementor-section elementor-top-section elementor-element elementor-element-2e68e6f elementor-section-stretched elementor-section-full_width elementor-section-height-default elementor-section-height-default\" data-id=\"2e68e6f\" data-element_type=\"section\" data-settings=\"{&quot;stretch_section&quot;:&quot;section-stretched&quot;}\">\n\t\t\t\t\t\t<div class=\"elementor-container elementor-column-gap-no\">\n\t\t\t\t\t<div class=\"elementor-column elementor-col-100 elementor-top-column elementor-element elementor-element-4a0f645\" data-id=\"4a0f645\" data-element_type=\"column\">\n\t\t\t<div class=\"elementor-widget-wrap elementor-element-populated\">\n\t\t\t\t\t\t\t\t<div class=\"elementor-element elementor-element-9c7eaff elementor-widget elementor-widget-electman_service_details4\" data-id=\"9c7eaff\" data-element_type=\"widget\" data-widget_type=\"electman_service_details4.default\">\n\t\t\t\t<div class=\"elementor-widget-container\">\n\t\t\t\t\t\n\t\t<section class=\"three services-section-one\">\n\t\t\t<div class=\"auto-container\">\n\t\t\t\t<div class=\"services\">\n\t\t\t\t\t<div class=\"service-block\">\n\t\t\t\t\t\t<div class=\"row clearfix\">\n\t\t\t\t\t\t\t<!--Image Column-->\n\t\t\t\t\t\t\t<div class=\"image-column col-lg-5 col-md-6 col-sm-12\">\n\t\t\t\t\t\t\t\t<div class=\"inner wow fadeInLeft\" data-wow-delay=\"0ms\"  data-wow-duration=\"2000ms\">\n\t\t\t\t\t\t\t\t\t\t\t\t\t\t\t\t\t\t<div class=\"image\"><img decoding=\"async\" src=\"https:\/\/rappower.ae\/wp-content\/uploads\/2022\/04\/Rap-Power.png\" alt=\"\"><\/div>\n\t\t\t\t\t\t\t\t\t\t\t\t\t\t\t\t\t\t\t\t\t\t\t\t\t\t\t<div class=\"icon-box\"><img decoding=\"async\" src=\"https:\/\/rappower.ae\/wp-content\/uploads\/2020\/12\/gallery-icon-1.png\" alt=\"\"><\/div>\n\t\t\t\t\t\t\t\t\t\t\t\t\t\t\t\t\t<\/div>\n\t\t\t\t\t\t\t<\/div>\n\t\t\t\t\t\t\t<div class=\"text-column col-lg-7 col-md-6 col-sm-12\">\n\t\t\t\t\t\t\t\t<div class=\"inner clearfix\">\n\t\t\t\t\t\t\t\t\t<div class=\"content wow fadeInRight\" data-wow-delay=\"0ms\"  data-wow-duration=\"2000ms\">\n\t\t\t\t\t\t\t\t\t\t\t\t\t\t\t\t\t\t\t\t<div class=\"title\">\n\t\t\t\t\t\t\t\t\t\t\t<h2><span>Ing\u00e9nierie Approvisionnement &amp; Construction<\/span><\/h2>\n\t\t\t\t\t\t\t\t\t\t\t<div class=\"sub-text\"><\/div>\n\t\t\t\t\t\t\t\t\t\t<\/div>\n\t\t\t\t\t\t\t\t\t\t\t\t\t\t\t\t\t\t\t\t<div class=\"text\">Nous entreprenons des EPC complets pour les sous-stations et les lignes de transmission jusqu&#039;au niveau 400 kV sur une base cl\u00e9 en main.<\/div>\n\t\t\t\t\t\t\t\t\t\t\t\t\t\t\t\t\t\t\t<\/div>\n\t\t\t\t\t\t\t\t<\/div>\n\t\t\t\t\t\t\t<\/div>\n\t\t\t\t\t\t<\/div>\n\t\t\t\t\t<\/div>\n\t\t\t\t<\/div>\n\t\t\t<\/div>\n\t\t<\/section>\n            \n\t\t\t\t<\/div>\n\t\t\t\t<\/div>\n\t\t\t\t\t<\/div>\n\t\t<\/div>\n\t\t\t\t\t\t\t<\/div>\n\t\t<\/section>\n\t\t\t\t<section class=\"elementor-section elementor-top-section elementor-element elementor-element-53a3e95 elementor-section-stretched elementor-section-full_width elementor-section-height-default elementor-section-height-default\" data-id=\"53a3e95\" data-element_type=\"section\" data-settings=\"{&quot;stretch_section&quot;:&quot;section-stretched&quot;}\">\n\t\t\t\t\t\t<div class=\"elementor-container elementor-column-gap-no\">\n\t\t\t\t\t<div class=\"elementor-column elementor-col-100 elementor-top-column elementor-element elementor-element-711e879\" data-id=\"711e879\" data-element_type=\"column\">\n\t\t\t<div class=\"elementor-widget-wrap elementor-element-populated\">\n\t\t\t\t\t\t\t\t<div class=\"elementor-element elementor-element-552a4ce elementor-widget elementor-widget-electman_service_details4\" data-id=\"552a4ce\" data-element_type=\"widget\" data-widget_type=\"electman_service_details4.default\">\n\t\t\t\t<div class=\"elementor-widget-container\">\n\t\t\t\t\t\n\t\t<section class=\"two services-section-one\">\n\t\t\t<div class=\"auto-container\">\n\t\t\t\t<div class=\"services\">\n\t\t\t\t\t<div class=\"service-block\">\n\t\t\t\t\t\t<div class=\"row clearfix\">\n\t\t\t\t\t\t\t<!--Image Column-->\n\t\t\t\t\t\t\t<div class=\"image-column col-lg-5 col-md-6 col-sm-12\">\n\t\t\t\t\t\t\t\t<div class=\"inner wow fadeInLeft\" data-wow-delay=\"0ms\"  data-wow-duration=\"2000ms\">\n\t\t\t\t\t\t\t\t\t\t\t\t\t\t\t\t\t\t<div class=\"image\"><img decoding=\"async\" src=\"https:\/\/rappower.ae\/wp-content\/uploads\/2022\/04\/after_sales_services_1-1.jpg\" alt=\"\"><\/div>\n\t\t\t\t\t\t\t\t\t\t\t\t\t\t\t\t\t\t\t\t\t\t\t\t\t\t\t<div class=\"icon-box\"><img decoding=\"async\" src=\"https:\/\/rappower.ae\/wp-content\/uploads\/2020\/12\/gallery-icon-1.png\" alt=\"\"><\/div>\n\t\t\t\t\t\t\t\t\t\t\t\t\t\t\t\t\t<\/div>\n\t\t\t\t\t\t\t<\/div>\n\t\t\t\t\t\t\t<div class=\"text-column col-lg-7 col-md-6 col-sm-12\">\n\t\t\t\t\t\t\t\t<div class=\"inner clearfix\">\n\t\t\t\t\t\t\t\t\t<div class=\"content wow fadeInRight\" data-wow-delay=\"0ms\"  data-wow-duration=\"2000ms\">\n\t\t\t\t\t\t\t\t\t\t\t\t\t\t\t\t\t\t\t\t<div class=\"title\">\n\t\t\t\t\t\t\t\t\t\t\t<h2><span>Service apr\u00e8s-vente<\/span><\/h2>\n\t\t\t\t\t\t\t\t\t\t\t<div class=\"sub-text\"><\/div>\n\t\t\t\t\t\t\t\t\t\t<\/div>\n\t\t\t\t\t\t\t\t\t\t\t\t\t\t\t\t\t\t\t\t<div class=\"text\">En raison de notre pr\u00e9sence locale en Afrique, nous offrons un service apr\u00e8s-vente rapide pour les \u00e9quipements fournis par nos fabricants associ\u00e9s<\/div>\n\t\t\t\t\t\t\t\t\t\t\t\t\t\t\t\t\t\t\t<\/div>\n\t\t\t\t\t\t\t\t<\/div>\n\t\t\t\t\t\t\t<\/div>\n\t\t\t\t\t\t<\/div>\n\t\t\t\t\t<\/div>\n\t\t\t\t<\/div>\n\t\t\t<\/div>\n\t\t<\/section>\n            \n\t\t\t\t<\/div>\n\t\t\t\t<\/div>\n\t\t\t\t\t<\/div>\n\t\t<\/div>\n\t\t\t\t\t\t\t<\/div>\n\t\t<\/section>\n\t\t\t\t<section class=\"elementor-section elementor-top-section elementor-element elementor-element-00e96fb elementor-section-stretched elementor-section-full_width elementor-section-height-default elementor-section-height-default\" data-id=\"00e96fb\" data-element_type=\"section\" data-settings=\"{&quot;stretch_section&quot;:&quot;section-stretched&quot;}\">\n\t\t\t\t\t\t<div class=\"elementor-container elementor-column-gap-no\">\n\t\t\t\t\t<div class=\"elementor-column elementor-col-100 elementor-top-column elementor-element elementor-element-f6d6dbc\" data-id=\"f6d6dbc\" data-element_type=\"column\">\n\t\t\t<div class=\"elementor-widget-wrap elementor-element-populated\">\n\t\t\t\t\t\t\t\t<div class=\"elementor-element elementor-element-06bee1e elementor-widget elementor-widget-electman_service_details4\" data-id=\"06bee1e\" data-element_type=\"widget\" data-widget_type=\"electman_service_details4.default\">\n\t\t\t\t<div class=\"elementor-widget-container\">\n\t\t\t\t\t\n\t\t<section class=\"three services-section-one\">\n\t\t\t<div class=\"auto-container\">\n\t\t\t\t<div class=\"services\">\n\t\t\t\t\t<div class=\"service-block\">\n\t\t\t\t\t\t<div class=\"row clearfix\">\n\t\t\t\t\t\t\t<!--Image Column-->\n\t\t\t\t\t\t\t<div class=\"image-column col-lg-5 col-md-6 col-sm-12\">\n\t\t\t\t\t\t\t\t<div class=\"inner wow fadeInLeft\" data-wow-delay=\"0ms\"  data-wow-duration=\"2000ms\">\n\t\t\t\t\t\t\t\t\t\t\t\t\t\t\t\t\t\t<div class=\"image\"><img decoding=\"async\" src=\"https:\/\/rappower.ae\/wp-content\/uploads\/2022\/04\/clean-energy-solar-grid-XL_721_420_80_s_c1.jpg\" alt=\"\"><\/div>\n\t\t\t\t\t\t\t\t\t\t\t\t\t\t\t\t\t\t\t\t\t\t\t\t\t\t\t<div class=\"icon-box\"><img decoding=\"async\" src=\"https:\/\/rappower.ae\/wp-content\/uploads\/2020\/12\/gallery-icon-1.png\" alt=\"\"><\/div>\n\t\t\t\t\t\t\t\t\t\t\t\t\t\t\t\t\t<\/div>\n\t\t\t\t\t\t\t<\/div>\n\t\t\t\t\t\t\t<div class=\"text-column col-lg-7 col-md-6 col-sm-12\">\n\t\t\t\t\t\t\t\t<div class=\"inner clearfix\">\n\t\t\t\t\t\t\t\t\t<div class=\"content wow fadeInRight\" data-wow-delay=\"0ms\"  data-wow-duration=\"2000ms\">\n\t\t\t\t\t\t\t\t\t\t\t\t\t\t\t\t\t\t\t\t<div class=\"title\">\n\t\t\t\t\t\t\t\t\t\t\t<h2><span>Mini-r\u00e9seaux solaires <\/span><\/h2>\n\t\t\t\t\t\t\t\t\t\t\t<div class=\"sub-text\"><\/div>\n\t\t\t\t\t\t\t\t\t\t<\/div>\n\t\t\t\t\t\t\t\t\t\t\t\t\t\t\t\t\t\t\t\t<div class=\"text\">Nous offrons des produits de haute qualit\u00e9 aux besoins de nos clients pour les solutions solaires hors et sur r\u00e9seau. Nous fournissons la gamme compl\u00e8te de composants solaires photovolta\u00efques, y compris les onduleurs, les modules, les structures et l&#039;\u00e9quilibre complet du syst\u00e8me assurant la meilleure couverture pour tous nos projets<\/div>\n\t\t\t\t\t\t\t\t\t\t\t\t\t\t\t\t\t\t\t<\/div>\n\t\t\t\t\t\t\t\t<\/div>\n\t\t\t\t\t\t\t<\/div>\n\t\t\t\t\t\t<\/div>\n\t\t\t\t\t<\/div>\n\t\t\t\t<\/div>\n\t\t\t<\/div>\n\t\t<\/section>\n            \n\t\t\t\t<\/div>\n\t\t\t\t<\/div>\n\t\t\t\t\t<\/div>\n\t\t<\/div>\n\t\t\t\t\t\t\t<\/div>\n\t\t<\/section>\n\t\t\t\t\t\t\t<\/div>","protected":false},"excerpt":{"rendered":"<p>Techno-Commercial Support during Tender\/Bids Since RAP Power is a one stop shop for all offshore items in Transmission and Distribution domain, we render technical support to Bidders willing to participate in tenders floated by Power Utilities or Donor assisted projects. To make our customers win the Contracts, we provide highly competitive offer with necessary supporting [&hellip;]<\/p>","protected":false},"author":1,"featured_media":0,"parent":0,"menu_order":0,"comment_status":"closed","ping_status":"closed","template":"tpl-default-elementor.php","meta":{"footnotes":""},"class_list":["post-2764","page","type-page","status-publish","hentry"],"_links":{"self":[{"href":"https:\/\/rappower.ae\/fr\/wp-json\/wp\/v2\/pages\/2764","targetHints":{"allow":["GET"]}}],"collection":[{"href":"https:\/\/rappower.ae\/fr\/wp-json\/wp\/v2\/pages"}],"about":[{"href":"https:\/\/rappower.ae\/fr\/wp-json\/wp\/v2\/types\/page"}],"author":[{"embeddable":true,"href":"https:\/\/rappower.ae\/fr\/wp-json\/wp\/v2\/users\/1"}],"replies":[{"embeddable":true,"href":"https:\/\/rappower.ae\/fr\/wp-json\/wp\/v2\/comments?post=2764"}],"version-history":[{"count":37,"href":"https:\/\/rappower.ae\/fr\/wp-json\/wp\/v2\/pages\/2764\/revisions"}],"predecessor-version":[{"id":3270,"href":"https:\/\/rappower.ae\/fr\/wp-json\/wp\/v2\/pages\/2764\/revisions\/3270"}],"wp:attachment":[{"href":"https:\/\/rappower.ae\/fr\/wp-json\/wp\/v2\/media?parent=2764"}],"curies":[{"name":"wp","href":"https:\/\/api.w.org\/{rel}","templated":true}]}}