{"id":650,"date":"2020-10-06T05:04:11","date_gmt":"2020-10-06T05:04:11","guid":{"rendered":"http:\/\/july.commonsupport.com\/electman\/?page_id=650"},"modified":"2022-05-05T18:42:53","modified_gmt":"2022-05-05T18:42:53","slug":"about-us","status":"publish","type":"page","link":"https:\/\/rappower.ae\/fr\/about-us\/","title":{"rendered":"\u00c0 propos de nous"},"content":{"rendered":"<div data-elementor-type=\"wp-page\" data-elementor-id=\"650\" class=\"elementor elementor-650\">\n\t\t\t\t\t\t\t\t\t<section class=\"elementor-section elementor-top-section elementor-element elementor-element-027e7a3 elementor-section-stretched elementor-section-boxed elementor-section-height-default elementor-section-height-default\" data-id=\"027e7a3\" data-element_type=\"section\" data-settings=\"{&quot;stretch_section&quot;:&quot;section-stretched&quot;}\">\n\t\t\t\t\t\t\t<div class=\"elementor-background-overlay\"><\/div>\n\t\t\t\t\t\t\t<div class=\"elementor-container elementor-column-gap-no\">\n\t\t\t\t\t<div class=\"elementor-column elementor-col-50 elementor-top-column elementor-element elementor-element-371fccb\" data-id=\"371fccb\" data-element_type=\"column\" data-settings=\"{&quot;background_background&quot;:&quot;classic&quot;}\">\n\t\t\t<div class=\"elementor-widget-wrap elementor-element-populated\">\n\t\t\t\t\t\t\t\t<div class=\"elementor-element elementor-element-9b0350f elementor-widget elementor-widget-spacer\" data-id=\"9b0350f\" data-element_type=\"widget\" data-widget_type=\"spacer.default\">\n\t\t\t\t<div class=\"elementor-widget-container\">\n\t\t\t<style>\/*! elementor - v3.15.0 - 09-08-2023 *\/\n.elementor-column .elementor-spacer-inner{height:var(--spacer-size)}.e-con{--container-widget-width:100%}.e-con-inner>.elementor-widget-spacer,.e-con>.elementor-widget-spacer{width:var(--container-widget-width,var(--spacer-size));--align-self:var(--container-widget-align-self,initial);--flex-shrink:0}.e-con-inner>.elementor-widget-spacer>.elementor-widget-container,.e-con-inner>.elementor-widget-spacer>.elementor-widget-container>.elementor-spacer,.e-con>.elementor-widget-spacer>.elementor-widget-container,.e-con>.elementor-widget-spacer>.elementor-widget-container>.elementor-spacer{height:100%}.e-con-inner>.elementor-widget-spacer>.elementor-widget-container>.elementor-spacer>.elementor-spacer-inner,.e-con>.elementor-widget-spacer>.elementor-widget-container>.elementor-spacer>.elementor-spacer-inner{height:var(--container-widget-height,var(--spacer-size))}<\/style>\t\t<div class=\"elementor-spacer\">\n\t\t\t<div class=\"elementor-spacer-inner\"><\/div>\n\t\t<\/div>\n\t\t\t\t<\/div>\n\t\t\t\t<\/div>\n\t\t\t\t\t<\/div>\n\t\t<\/div>\n\t\t\t\t<div class=\"elementor-column elementor-col-50 elementor-top-column elementor-element elementor-element-afdbff6\" data-id=\"afdbff6\" data-element_type=\"column\">\n\t\t\t<div class=\"elementor-widget-wrap elementor-element-populated\">\n\t\t\t\t\t\t\t\t<div class=\"elementor-element elementor-element-03c0410 elementor-widget elementor-widget-electman_about2_right\" data-id=\"03c0410\" data-element_type=\"widget\" data-widget_type=\"electman_about2_right.default\">\n\t\t\t\t<div class=\"elementor-widget-container\">\n\t\t\t\n\t\t<!--About Section-->\n\t\t<section class=\"about-two\">\n\t\t\t<div class=\"auto-container\">\n\t\t\t\t<div class=\"row clearfix\">\n\t\t\t\t\t<div class=\"col-xl-12 col-lg-12 col-sm-12\">\n\t\t\t\t\t\t<div class=\"content\">\n\t\t\t\t\t\t\t\t\t\t\t\t\t\t<div class=\"sec-title wow fadeInUp\" data-wow-delay=\"200ms\" data-wow-duration=\"1200ms\">\n\t\t\t\t\t\t\t\t<h3>\n\t\t\t\t\t\t\t\t\t\t\t\t\t\t\t\t\t\t<span class=\"logo_bolt2\">\n\t\t\t\t\t\t\t\t\t\t<img decoding=\"async\" src=\"https:\/\/rappower.ae\/wp-content\/uploads\/2020\/08\/bolt-1.gif\" alt=\"\">\n\t\t\t\t\t\t\t\t\t\t\t\t\t\t\t\t\t\t\t<\/span>Sur <span>Nous<\/span>\t\t\t\t\t\t\t\t<\/h3>\n\t\t\t\t\t\t\t\t<h2> <span><\/span><\/h2>\n\t\t\t\t\t\t\t\t<p>RAP Power Equipment LLC est un fournisseur et distributeur agr\u00e9\u00e9 d&#039;OEM (fabricants d&#039;\u00e9quipement d&#039;origine) et le principal fournisseur d&#039;\u00e9quipements de transmission et de distribution en Afrique et au Moyen-Orient. Rap Power s&#039;est distingu\u00e9 sur le march\u00e9 en tant que sp\u00e9cialistes des achats qui connaissent bien la source d&#039;approvisionnement en Inde et d&#039;autres origines, la situation des prix, le mouvement du march\u00e9, les conditions de livraison et d&#039;autres informations utiles n\u00e9cessaires pour \u00e9valuer le fournisseur. Nous assistons \u00e9galement nos clients dans la pr\u00e9paration des documents d&#039;offre technique de bout en bout pour participer \u00e0 divers appels d&#039;offres\/demandes de prix invit\u00e9s par les services publics, les agences donatrices, etc. Est.<br>RAP Power Equipment LLC a \u00e9t\u00e9 fond\u00e9e par M. Rajiv Duggal. Il est dipl\u00f4m\u00e9 en g\u00e9nie m\u00e9canique et PGDBM avec plus de 35 ans d&#039;exp\u00e9rience en tant que leader proactif et planificateur avec une expertise en d\u00e9veloppement des affaires, planification strat\u00e9gique et analyse de march\u00e9. Un communicateur qualifi\u00e9 avec des comp\u00e9tences de pr\u00e9sentation exceptionnelles et des capacit\u00e9s \u00e0 forger des partenariats commerciaux sur le march\u00e9 international. <\/p>\n\t\t\t\t\t\t\t<\/div>\n\t\t\t\t\t\t\t\t\t\t\t\t\t\t<div class=\"row\">\n\t\t\t\t\t\t\t\n\t\t\t\t\t\t\t\t\t\t\t\t\t\t\t\n\t\t\t\t\t\t\t\t<div class=\"info-column col-lg-4 col-md-6 col-sm-12 wow fadeInUp\" data-wow-delay=\"400ms\" data-wow-duration=\"1200ms\">\n\t\t\t\t\t\t\t\t\t<div class=\"icon\"><span class=\"flaticon-power-2\"><\/span><\/div>\n\t\t\t\t\t\t\t\t\t<div class=\"content-box\">\n\t\t\t\t\t\t\t\t\t\t<div class=\"count-outer count-box\">\n\t\t\t\t\t\t\t\t\t\t\tService professionnel-\t\t\t\t\t\t\t\t\t\t\t<span class=\"count-text\" data-speed=\"3000\" data-stop=\"100\">0<\/span><span>%<\/span>\n\t\t\t\t\t\t\t\t\t\t<\/div>\n\t\t\t\t\t\t\t\t\t<\/div>\n\t\t\t\t\t\t\t\t<\/div>\n\t\t\t\t\t\t\t\t\n\t\t\t\t\t\t\t\t\t\t\t\t\t\t\t\n\t\t\t\t\t\t\t\t<div class=\"info-column col-lg-4 col-md-6 col-sm-12 wow fadeInUp\" data-wow-delay=\"400ms\" data-wow-duration=\"1200ms\">\n\t\t\t\t\t\t\t\t\t<div class=\"icon\"><span class=\"flaticon-energy-1\"><\/span><\/div>\n\t\t\t\t\t\t\t\t\t<div class=\"content-box\">\n\t\t\t\t\t\t\t\t\t\t<div class=\"count-outer count-box\">\n\t\t\t\t\t\t\t\t\t\t\tApr\u00e8s vente-\t\t\t\t\t\t\t\t\t\t\t<span class=\"count-text\" data-speed=\"3000\" data-stop=\"100\">0<\/span><span>%<\/span>\n\t\t\t\t\t\t\t\t\t\t<\/div>\n\t\t\t\t\t\t\t\t\t<\/div>\n\t\t\t\t\t\t\t\t<\/div>\n\t\t\t\t\t\t\t\t\n\t\t\t\t\t\t\t\t\t\t\t\t\t\t\t\t\n\t\t\t\t\t\t\t<\/div>\n\t\t\t\t\t\t\t\t\t\t\t\t\t\t<div class=\"btn-box wow fadeInUp\" data-wow-delay=\"1000ms\" data-wow-duration=\"1200ms\"><a href=\"https:\/\/rappower.ae\/wp-content\/uploads\/2022\/04\/Rap-Power-Equipment-Dubai-profile-1.pdf\">Profil de la soci\u00e9t\u00e9<\/a><\/div>\n\t\t\t\t\t\t\t\t\t\t\t\t\t<\/div>\n\t\t\t\t\t<\/div>\n\t\t\t\t<\/div>\n\t\t\t<\/div>\n\t\t<\/section>\n            \n\t\t\t\t<\/div>\n\t\t\t\t<\/div>\n\t\t\t\t\t<\/div>\n\t\t<\/div>\n\t\t\t\t\t\t\t<\/div>\n\t\t<\/section>\n\t\t\t\t\t\t\t<\/div>","protected":false},"excerpt":{"rendered":"<p>About Us RAP Power Equipment LLC is an Authorized Supplier and Distributor of OEMs (Original Equipment Manufacturers) and leading supplier of Transmission and Distribution Equipment in Africa and Middle East. Rap Power has distinguished itself in market as procurement specialists who are well familiar with the source of supply in India and other Origins, Price [&hellip;]<\/p>","protected":false},"author":1,"featured_media":0,"parent":0,"menu_order":0,"comment_status":"closed","ping_status":"closed","template":"tpl-default-elementor.php","meta":{"footnotes":""},"class_list":["post-650","page","type-page","status-publish","hentry"],"_links":{"self":[{"href":"https:\/\/rappower.ae\/fr\/wp-json\/wp\/v2\/pages\/650","targetHints":{"allow":["GET"]}}],"collection":[{"href":"https:\/\/rappower.ae\/fr\/wp-json\/wp\/v2\/pages"}],"about":[{"href":"https:\/\/rappower.ae\/fr\/wp-json\/wp\/v2\/types\/page"}],"author":[{"embeddable":true,"href":"https:\/\/rappower.ae\/fr\/wp-json\/wp\/v2\/users\/1"}],"replies":[{"embeddable":true,"href":"https:\/\/rappower.ae\/fr\/wp-json\/wp\/v2\/comments?post=650"}],"version-history":[{"count":29,"href":"https:\/\/rappower.ae\/fr\/wp-json\/wp\/v2\/pages\/650\/revisions"}],"predecessor-version":[{"id":3242,"href":"https:\/\/rappower.ae\/fr\/wp-json\/wp\/v2\/pages\/650\/revisions\/3242"}],"wp:attachment":[{"href":"https:\/\/rappower.ae\/fr\/wp-json\/wp\/v2\/media?parent=650"}],"curies":[{"name":"wp","href":"https:\/\/api.w.org\/{rel}","templated":true}]}}